{"id":5860,"date":"2025-11-06T13:52:15","date_gmt":"2025-11-06T12:52:15","guid":{"rendered":"https:\/\/routelliers.com\/?page_id=5860"},"modified":"2025-11-06T14:23:38","modified_gmt":"2025-11-06T13:23:38","slug":"politica-de-privacidad","status":"publish","type":"page","link":"https:\/\/routelliers.com\/en\/politica-de-privacidad\/","title":{"rendered":"Privacy Policy"},"content":{"rendered":"<div data-elementor-type=\"wp-page\" data-elementor-id=\"5860\" class=\"elementor elementor-5860\">\n\t\t\t\t<div class=\"elementor-element elementor-element-116865c e-flex e-con-boxed e-con e-parent\" data-id=\"116865c\" data-element_type=\"container\">\n\t\t\t\t\t<div class=\"e-con-inner\">\n\t\t\t\t<div class=\"elementor-element elementor-element-dfcef9a elementor-widget elementor-widget-text-editor\" data-id=\"dfcef9a\" data-element_type=\"widget\" data-widget_type=\"text-editor.default\">\n\t\t\t\t\t\t\t\t\t<div class=\"legal-text\"><p>El Titular se compromete a cumplir con la normativa en materia de Protecci\u00f3n de Datos de car\u00e1cter personal y a respetar la privacidad de los Usuarios. El objetivo es ofrecer el mejor servicio al Usuario y para ello es necesario tratar sus datos personales. El Usuario s\u00f3lo podr\u00e1 incluir datos personales propios, y en ning\u00fan caso de otra persona de la que no tenga un consentimiento expreso, siendo el \u00fanico responsable en caso de hacerlo.<\/p><ol><li><p><strong>Responsable del Tratamiento<\/strong><\/p><p><strong>ROUTELLIERS<\/strong><br \/>NIF: 45389716K<br \/>Domicilio: Calle Chiquinquir\u00e1 4, Madrid<br \/>Tel\u00e9fono: <a href=\"tel:+34%20633778783\">+34 633778783<\/a><\/p><\/li><li><p><strong>Finalidades y legitimaci\u00f3n<\/strong><\/p><p><strong>Atenci\u00f3n de consultas:<\/strong> Atender las consultas del Usuario que se ponga en contacto a trav\u00e9s de los formularios o herramientas de comunicaci\u00f3n disponibles en el Sitio Web. La base leg\u00edtima del tratamiento es el consentimiento del Usuario, conforme al art. 6.1.a) del RGPD.<\/p><p><strong>Prestar el servicio solicitado por el Usuario:<\/strong> Tramitaci\u00f3n del alta como usuario del Sitio Web con la finalidad de acceder a determinado contenido. La base leg\u00edtima del tratamiento es la ejecuci\u00f3n de un contrato en el que el Usuario es parte, conforme al art. 6.1.b) del RGPD.<\/p><p><strong>Datos de navegaci\u00f3n:<\/strong> Datos recogidos por las cookies propias o de terceros que puedan ser generadas por este Sitio Web, habiendo sido informado el Usuario y acept\u00e1ndolas. La base leg\u00edtima del tratamiento es el consentimiento del Usuario, conforme al art. 6.1.a) del RGPD.<\/p><p>Los datos tratados con esta finalidad son los recopilados por las cookies generadas en el Sitio Web, seg\u00fan las finalidades de \u00e9stas. Para m\u00e1s informaci\u00f3n puede consultar nuestra <a href=\"\/en\/politica-de-cookies\/\">Cookie Policy<\/a> o modificar sus preferencias en nuestra herramienta de gesti\u00f3n de cookies.<\/p><p>El Titular no ser\u00e1 responsable del tratamiento de la informaci\u00f3n recogida por las cookies de terceros gestores de publicidad, ni tendr\u00e1 acceso a los datos recabados por \u00e9stos. Estos terceros tratar\u00e1n los datos con sus propios fines seg\u00fan cada tipolog\u00eda de cookie.<\/p><p><strong>Comunicaciones comerciales:<\/strong> Para el Usuario que voluntariamente acepte esta opci\u00f3n, se le remitir\u00e1n promociones, publicidad, ofertas, noticias, invitaciones a eventos y cualquier tipo de informaci\u00f3n comercial del Titular. La base leg\u00edtima del tratamiento es el consentimiento del Usuario, conforme al art. 6.1.a) del RGPD.<\/p><p>El Usuario puede oponerse en cualquier momento a la recepci\u00f3n de comunicaciones comerciales enviando un correo electr\u00f3nico a <a href=\"mailto:info@routelliers.com\">info@routelliers.com<\/a>.<\/p><\/li><li><p><strong>Plazo de conservaci\u00f3n<\/strong><\/p><p>Los datos se conservar\u00e1n mientras se mantenga la relaci\u00f3n y no se solicite su supresi\u00f3n, y en cualquier caso en cumplimiento de los plazos legales de prescripci\u00f3n aplicables.<\/p><\/li><li><p><strong>Cesiones<\/strong><\/p><p>No se prev\u00e9n cesiones de los datos personales de los Usuarios a terceros sin una base jur\u00eddica que legitime este tratamiento.<\/p><p>El Titular utiliza proveedores externos que pueden usar cookies para realizar estudios anal\u00edticos o de publicidad. El Titular no tiene acceso a los datos generados por estas cookies. El Usuario podr\u00e1 seleccionar qu\u00e9 cookies se generan en este Sitio Web y consultarlas en la <a href=\"\/en\/politica-de-cookies\/\">Cookie Policy<\/a>.<\/p><p>Los datos de los Usuarios podr\u00e1n ser tratados por empresas que presten servicios al Titular, tales como mensajer\u00eda, contabilidad, asesor\u00eda o mantenimiento inform\u00e1tico, siempre bajo la figura de Encargado del Tratamiento y sin considerarse cesi\u00f3n de datos.<\/p><\/li><li><p><strong>Derechos de los interesados<\/strong><\/p><p>El Usuario podr\u00e1 ejercitar sus derechos de acceso, rectificaci\u00f3n, supresi\u00f3n, oposici\u00f3n, limitaci\u00f3n del tratamiento, portabilidad y a no ser objeto de decisiones automatizadas, enviando una solicitud con el asunto \u201cProtecci\u00f3n de Datos\u201d a:<\/p><ul><li>Domicilio: Calle Chiquinquir\u00e1 4, Madrid<\/li><li>Email: <a href=\"mailto:info@routelliers.com\">info@routelliers.com<\/a><\/li><\/ul><p>Si considera que sus derechos han sido vulnerados, puede presentar una reclamaci\u00f3n ante la <a href=\"https:\/\/www.aepd.es\" target=\"_blank\" rel=\"noopener\">Agencia Espa\u00f1ola de Protecci\u00f3n de Datos<\/a>.<\/p><\/li><li><p><strong>Campos de texto libre<\/strong><\/p><p>Los campos de texto libre disponibles en los formularios del Sitio Web tienen como \u00fanica finalidad mejorar la calidad de los servicios.<\/p><p>El Usuario no incluir\u00e1 datos personales que requieran protecci\u00f3n especial, como informaci\u00f3n econ\u00f3mica, ideol\u00f3gica, religiosa, sindical, de salud, origen racial o vida sexual.<\/p><\/li><li><p><strong>Campos no obligatorios<\/strong><\/p><p>Salvo que se indique lo contrario mediante un asterisco (*), los campos de datos no son obligatorios. No obstante, su no cumplimentaci\u00f3n puede impedir la prestaci\u00f3n completa del servicio solicitado.<\/p><\/li><li><p><strong>Acceso y rectificaci\u00f3n de los datos personales<\/strong><\/p><p>El Usuario se compromete a proporcionar informaci\u00f3n veraz y mantenerla actualizada. El Titular podr\u00e1 excluir de sus servicios a cualquier Usuario que facilite datos falsos o incorrectos, sin perjuicio de otras acciones legales que correspondan.<\/p><\/li><li><p><strong>Confidencialidad<\/strong><\/p><p>Toda la informaci\u00f3n intercambiada entre las partes tendr\u00e1 car\u00e1cter confidencial. El acceso a datos a trav\u00e9s de Internet no supone acceso directo a los mismos salvo consentimiento expreso del titular de dichos datos.<\/p><\/li><li><p><strong>Fotograf\u00edas<\/strong><\/p><p>Las fotograf\u00edas en las que aparezcan personas tienen la consideraci\u00f3n de datos personales. En este Sitio Web pueden aparecer im\u00e1genes con fines promocionales de personas que han consentido voluntariamente su publicaci\u00f3n.<\/p><p>Si alguna persona desea solicitar la retirada de su imagen, podr\u00e1 contactar con el Titular, quien proceder\u00e1 a eliminarla a la mayor brevedad posible. Esta solicitud no ser\u00e1 v\u00e1lida para fotograf\u00edas de car\u00e1cter profesional.<\/p><\/li><\/ol><\/div>\t\t\t\t\t\t\t\t<\/div>\n\t\t\t\t\t<\/div>\n\t\t\t\t<\/div>\n\t\t\t\t<\/div>","protected":false},"excerpt":{"rendered":"<p>El Titular se compromete a cumplir con la normativa en materia de Protecci\u00f3n de Datos de car\u00e1cter personal y a respetar la privacidad de los Usuarios. El objetivo es ofrecer el mejor servicio al Usuario y para ello es necesario tratar sus datos personales. El Usuario s\u00f3lo podr\u00e1 incluir datos personales propios, y en ning\u00fan [&hellip;]<\/p>","protected":false},"author":1,"featured_media":0,"parent":0,"menu_order":0,"comment_status":"closed","ping_status":"closed","template":"template-homepage.php","meta":{"_acf_changed":false,"footnotes":""},"class_list":["post-5860","page","type-page","status-publish","hentry"],"acf":[],"yoast_head":"<!-- This site is optimized with the Yoast SEO plugin v26.6 - https:\/\/yoast.com\/wordpress\/plugins\/seo\/ -->\n<title>Pol\u00edtica de Privacidad - Routelliers<\/title>\n<meta name=\"robots\" content=\"index, follow, max-snippet:-1, max-image-preview:large, max-video-preview:-1\" \/>\n<link rel=\"canonical\" href=\"https:\/\/routelliers.com\/en\/politica-de-privacidad\/\" \/>\n<meta property=\"og:locale\" content=\"en_GB\" \/>\n<meta property=\"og:type\" content=\"article\" \/>\n<meta property=\"og:title\" content=\"Pol\u00edtica de Privacidad - Routelliers\" \/>\n<meta property=\"og:description\" content=\"El Titular se compromete a cumplir con la normativa en materia de Protecci\u00f3n de Datos de car\u00e1cter personal y a respetar la privacidad de los Usuarios. El objetivo es ofrecer el mejor servicio al Usuario y para ello es necesario tratar sus datos personales. El Usuario s\u00f3lo podr\u00e1 incluir datos personales propios, y en ning\u00fan [&hellip;]\" \/>\n<meta property=\"og:url\" content=\"https:\/\/routelliers.com\/en\/politica-de-privacidad\/\" \/>\n<meta property=\"og:site_name\" content=\"Routelliers\" \/>\n<meta property=\"article:modified_time\" content=\"2025-11-06T13:23:38+00:00\" \/>\n<meta name=\"twitter:card\" content=\"summary_large_image\" \/>\n<meta name=\"twitter:label1\" content=\"Estimated reading time\" \/>\n\t<meta name=\"twitter:data1\" content=\"4 minutes\" \/>\n<script type=\"application\/ld+json\" class=\"yoast-schema-graph\">{\"@context\":\"https:\/\/schema.org\",\"@graph\":[{\"@type\":\"WebPage\",\"@id\":\"https:\/\/routelliers.com\/politica-de-privacidad\/\",\"url\":\"https:\/\/routelliers.com\/politica-de-privacidad\/\",\"name\":\"Pol\u00edtica de Privacidad - Routelliers\",\"isPartOf\":{\"@id\":\"https:\/\/routelliers.com\/#website\"},\"datePublished\":\"2025-11-06T12:52:15+00:00\",\"dateModified\":\"2025-11-06T13:23:38+00:00\",\"breadcrumb\":{\"@id\":\"https:\/\/routelliers.com\/politica-de-privacidad\/#breadcrumb\"},\"inLanguage\":\"en-GB\",\"potentialAction\":[{\"@type\":\"ReadAction\",\"target\":[\"https:\/\/routelliers.com\/politica-de-privacidad\/\"]}]},{\"@type\":\"BreadcrumbList\",\"@id\":\"https:\/\/routelliers.com\/politica-de-privacidad\/#breadcrumb\",\"itemListElement\":[{\"@type\":\"ListItem\",\"position\":1,\"name\":\"Portada\",\"item\":\"https:\/\/routelliers.com\/\"},{\"@type\":\"ListItem\",\"position\":2,\"name\":\"Pol\u00edtica de Privacidad\"}]},{\"@type\":\"WebSite\",\"@id\":\"https:\/\/routelliers.com\/#website\",\"url\":\"https:\/\/routelliers.com\/\",\"name\":\"Routelliers\",\"description\":\"Descubre el mundo con nuestros viajes en moto de alta gama. Rutas exclusivas, paisajes \u00e9picos y todo organizado \u00a1Arranca tu aventura aqu\u00ed!\",\"publisher\":{\"@id\":\"https:\/\/routelliers.com\/#organization\"},\"potentialAction\":[{\"@type\":\"SearchAction\",\"target\":{\"@type\":\"EntryPoint\",\"urlTemplate\":\"https:\/\/routelliers.com\/?s={search_term_string}\"},\"query-input\":{\"@type\":\"PropertyValueSpecification\",\"valueRequired\":true,\"valueName\":\"search_term_string\"}}],\"inLanguage\":\"en-GB\"},{\"@type\":\"Organization\",\"@id\":\"https:\/\/routelliers.com\/#organization\",\"name\":\"Routelliers\",\"url\":\"https:\/\/routelliers.com\/\",\"logo\":{\"@type\":\"ImageObject\",\"inLanguage\":\"en-GB\",\"@id\":\"https:\/\/routelliers.com\/#\/schema\/logo\/image\/\",\"url\":\"https:\/\/routelliers.com\/wp-content\/uploads\/2025\/10\/cropped-Logo-routeliers.png\",\"contentUrl\":\"https:\/\/routelliers.com\/wp-content\/uploads\/2025\/10\/cropped-Logo-routeliers.png\",\"width\":1752,\"height\":419,\"caption\":\"Routelliers\"},\"image\":{\"@id\":\"https:\/\/routelliers.com\/#\/schema\/logo\/image\/\"}}]}<\/script>\n<!-- \/ Yoast SEO plugin. -->","yoast_head_json":{"title":"Pol\u00edtica de Privacidad - Routelliers","robots":{"index":"index","follow":"follow","max-snippet":"max-snippet:-1","max-image-preview":"max-image-preview:large","max-video-preview":"max-video-preview:-1"},"canonical":"https:\/\/routelliers.com\/en\/politica-de-privacidad\/","og_locale":"en_GB","og_type":"article","og_title":"Pol\u00edtica de Privacidad - Routelliers","og_description":"El Titular se compromete a cumplir con la normativa en materia de Protecci\u00f3n de Datos de car\u00e1cter personal y a respetar la privacidad de los Usuarios. El objetivo es ofrecer el mejor servicio al Usuario y para ello es necesario tratar sus datos personales. El Usuario s\u00f3lo podr\u00e1 incluir datos personales propios, y en ning\u00fan [&hellip;]","og_url":"https:\/\/routelliers.com\/en\/politica-de-privacidad\/","og_site_name":"Routelliers","article_modified_time":"2025-11-06T13:23:38+00:00","twitter_card":"summary_large_image","twitter_misc":{"Estimated reading time":"4 minutes"},"schema":{"@context":"https:\/\/schema.org","@graph":[{"@type":"WebPage","@id":"https:\/\/routelliers.com\/politica-de-privacidad\/","url":"https:\/\/routelliers.com\/politica-de-privacidad\/","name":"Pol\u00edtica de Privacidad - Routelliers","isPartOf":{"@id":"https:\/\/routelliers.com\/#website"},"datePublished":"2025-11-06T12:52:15+00:00","dateModified":"2025-11-06T13:23:38+00:00","breadcrumb":{"@id":"https:\/\/routelliers.com\/politica-de-privacidad\/#breadcrumb"},"inLanguage":"en-GB","potentialAction":[{"@type":"ReadAction","target":["https:\/\/routelliers.com\/politica-de-privacidad\/"]}]},{"@type":"BreadcrumbList","@id":"https:\/\/routelliers.com\/politica-de-privacidad\/#breadcrumb","itemListElement":[{"@type":"ListItem","position":1,"name":"Portada","item":"https:\/\/routelliers.com\/"},{"@type":"ListItem","position":2,"name":"Pol\u00edtica de Privacidad"}]},{"@type":"WebSite","@id":"https:\/\/routelliers.com\/#website","url":"https:\/\/routelliers.com\/","name":"Routelliers","description":"Descubre el mundo con nuestros viajes en moto de alta gama. Rutas exclusivas, paisajes \u00e9picos y todo organizado \u00a1Arranca tu aventura aqu\u00ed!","publisher":{"@id":"https:\/\/routelliers.com\/#organization"},"potentialAction":[{"@type":"SearchAction","target":{"@type":"EntryPoint","urlTemplate":"https:\/\/routelliers.com\/?s={search_term_string}"},"query-input":{"@type":"PropertyValueSpecification","valueRequired":true,"valueName":"search_term_string"}}],"inLanguage":"en-GB"},{"@type":"Organization","@id":"https:\/\/routelliers.com\/#organization","name":"Routelliers","url":"https:\/\/routelliers.com\/","logo":{"@type":"ImageObject","inLanguage":"en-GB","@id":"https:\/\/routelliers.com\/#\/schema\/logo\/image\/","url":"https:\/\/routelliers.com\/wp-content\/uploads\/2025\/10\/cropped-Logo-routeliers.png","contentUrl":"https:\/\/routelliers.com\/wp-content\/uploads\/2025\/10\/cropped-Logo-routeliers.png","width":1752,"height":419,"caption":"Routelliers"},"image":{"@id":"https:\/\/routelliers.com\/#\/schema\/logo\/image\/"}}]}},"_links":{"self":[{"href":"https:\/\/routelliers.com\/en\/wp-json\/wp\/v2\/pages\/5860","targetHints":{"allow":["GET"]}}],"collection":[{"href":"https:\/\/routelliers.com\/en\/wp-json\/wp\/v2\/pages"}],"about":[{"href":"https:\/\/routelliers.com\/en\/wp-json\/wp\/v2\/types\/page"}],"author":[{"embeddable":true,"href":"https:\/\/routelliers.com\/en\/wp-json\/wp\/v2\/users\/1"}],"replies":[{"embeddable":true,"href":"https:\/\/routelliers.com\/en\/wp-json\/wp\/v2\/comments?post=5860"}],"version-history":[{"count":7,"href":"https:\/\/routelliers.com\/en\/wp-json\/wp\/v2\/pages\/5860\/revisions"}],"predecessor-version":[{"id":5903,"href":"https:\/\/routelliers.com\/en\/wp-json\/wp\/v2\/pages\/5860\/revisions\/5903"}],"wp:attachment":[{"href":"https:\/\/routelliers.com\/en\/wp-json\/wp\/v2\/media?parent=5860"}],"curies":[{"name":"wp","href":"https:\/\/api.w.org\/{rel}","templated":true}]}}