{"id":112,"date":"2024-06-21T10:05:49","date_gmt":"2024-06-21T10:05:49","guid":{"rendered":"http:\/\/source.wpopal.com\/tripay\/contact-us\/"},"modified":"2026-02-04T17:27:07","modified_gmt":"2026-02-04T16:27:07","slug":"contacto","status":"publish","type":"page","link":"https:\/\/routelliers.com\/en\/contacto\/","title":{"rendered":"Contact"},"content":{"rendered":"<div data-elementor-type=\"wp-page\" data-elementor-id=\"112\" class=\"elementor elementor-112\">\n\t\t\t\t<div class=\"elementor-element elementor-element-2de31aa e-flex e-con-boxed e-con e-parent\" data-id=\"2de31aa\" data-element_type=\"container\">\n\t\t\t\t\t<div class=\"e-con-inner\">\n\t\t<div class=\"elementor-element elementor-element-9204606 e-con-full e-flex e-con e-child\" data-id=\"9204606\" data-element_type=\"container\">\n\t\t<div class=\"elementor-element elementor-element-10cbbce e-con-full e-flex elementor-invisible e-con e-child\" data-id=\"10cbbce\" data-element_type=\"container\" data-settings=\"{&quot;animation&quot;:&quot;fadeInUp&quot;}\">\n\t\t\t\t<div class=\"elementor-element elementor-element-e85680c elementor-widget elementor-widget-text-editor\" data-id=\"e85680c\" data-element_type=\"widget\" data-widget_type=\"text-editor.default\">\n\t\t\t\t\t\t\t\t\t<p><strong>Tell us<\/strong> <strong>when, where, and how you want to travel.<\/strong>We will get in touch to answer your questions, provide personalized expert advice, and send you a custom quote for your selection. All of this is completely free of charge.\u00a0<\/p>\t\t\t\t\t\t\t\t<\/div>\n\t\t\t\t<div class=\"elementor-element elementor-element-53245bd elementor-widget elementor-widget-tripay-contactform\" data-id=\"53245bd\" data-element_type=\"widget\" data-widget_type=\"tripay-contactform.default\">\n\t\t\t\t<div class=\"elementor-widget-container\">\n\t\t\t\t\t\n<div class=\"wpcf7 no-js\" id=\"wpcf7-f5504-o1\" lang=\"en-US\" dir=\"ltr\" data-wpcf7-id=\"5504\">\n<div class=\"screen-reader-response\"><p role=\"status\" aria-live=\"polite\" aria-atomic=\"true\"><\/p> <ul><\/ul><\/div>\n<form action=\"\/en\/wp-json\/wp\/v2\/pages\/112#wpcf7-f5504-o1\" method=\"post\" class=\"wpcf7-form init\" aria-label=\"Contact form\" novalidate=\"novalidate\" data-status=\"init\" data-trp-original-action=\"\/en\/wp-json\/wp\/v2\/pages\/112#wpcf7-f5504-o1\">\n<fieldset class=\"hidden-fields-container\"><input type=\"hidden\" name=\"_wpcf7\" value=\"5504\" \/><input type=\"hidden\" name=\"_wpcf7_version\" value=\"6.1.4\" \/><input type=\"hidden\" name=\"_wpcf7_locale\" value=\"en_US\" \/><input type=\"hidden\" name=\"_wpcf7_unit_tag\" value=\"wpcf7-f5504-o1\" \/><input type=\"hidden\" name=\"_wpcf7_container_post\" value=\"0\" \/><input type=\"hidden\" name=\"_wpcf7_posted_data_hash\" value=\"\" \/>\n<\/fieldset>\n<div class=\"routelliers-form\">\n\t<h2 style=\"margin-bottom: 20px; color: #333;\">Solicita tu presupuesto\n\t<\/h2>\n\t<p>Nombre completo *\n\t<\/p>\n\t<p><span class=\"wpcf7-form-control-wrap\" data-name=\"your-name\"><input size=\"40\" maxlength=\"400\" class=\"wpcf7-form-control wpcf7-text wpcf7-validates-as-required\" autocomplete=\"name\" aria-required=\"true\" aria-invalid=\"false\" placeholder=\"Ej. Juan M\u00e1rquez\" value=\"\" type=\"text\" name=\"your-name\" \/><\/span>\n\t<\/p>\n\t<div class=\"form-row\">\n\t\t<p>Correo electr\u00f3nico *\n\t\t<\/p>\n\t\t<p><span class=\"wpcf7-form-control-wrap\" data-name=\"your-email\"><input size=\"40\" maxlength=\"400\" class=\"wpcf7-form-control wpcf7-email wpcf7-validates-as-required wpcf7-text wpcf7-validates-as-email\" autocomplete=\"email\" aria-required=\"true\" aria-invalid=\"false\" placeholder=\"tu@email.com\" value=\"\" type=\"email\" name=\"your-email\" \/><\/span>\n\t\t<\/p>\n\t\t<p>Tel\u00e9fono de contacto *\n\t\t<\/p>\n\t\t<p><span class=\"wpcf7-form-control-wrap\" data-name=\"your-tel\"><input size=\"40\" maxlength=\"400\" class=\"wpcf7-form-control wpcf7-tel wpcf7-validates-as-required wpcf7-text wpcf7-validates-as-tel\" aria-required=\"true\" aria-invalid=\"false\" placeholder=\"+34 600 000 000\" value=\"\" type=\"tel\" name=\"your-tel\" \/><\/span>\n\t\t<\/p>\n\t<\/div>\n\t<p>\u00bfQu\u00e9 destino te interesa? *\n\t<\/p>\n\t<p><span class=\"wpcf7-form-control-wrap\" data-name=\"destination\"><input size=\"40\" maxlength=\"400\" class=\"wpcf7-form-control wpcf7-text wpcf7-validates-as-required\" aria-required=\"true\" aria-invalid=\"false\" placeholder=\"Ej. Costa Amalfitana, Ruta 66, Transpirenaica...\" value=\"\" type=\"text\" name=\"destination\" \/><\/span>\n\t<\/p>\n\t<div class=\"form-row\">\n\t\t<p>\u00bfEn qu\u00e9 fecha (estimada) te gustar\u00eda hacerlo?\n\t\t<\/p>\n\t\t<p><span class=\"wpcf7-form-control-wrap\" data-name=\"your-date\"><input class=\"wpcf7-form-control wpcf7-date wpcf7-validates-as-date\" aria-invalid=\"false\" value=\"\" type=\"date\" name=\"your-date\" \/><\/span>\n\t\t<\/p>\n\t\t<p>\u00bfC\u00f3mo quieres viajar?\n\t\t<\/p>\n\t\t<p><span class=\"wpcf7-form-control-wrap\" data-name=\"trip-tier\"><select class=\"wpcf7-form-control wpcf7-select wpcf7-validates-as-required\" aria-required=\"true\" aria-invalid=\"false\" name=\"trip-tier\"><option value=\"Opci\u00f3n Est\u00e1ndar\">Opci\u00f3n Est\u00e1ndar<\/option><option value=\"Opci\u00f3n Premium\">Opci\u00f3n Premium<\/option><\/select><\/span>\n\t\t<\/p>\n\t<\/div>\n\t<div class=\"form-row\">\n\t\t<p>\u00bfNecesitas alquilar moto?\n\t\t<\/p>\n\t\t<p><span class=\"wpcf7-form-control-wrap\" data-name=\"bike-option\"><select class=\"wpcf7-form-control wpcf7-select wpcf7-validates-as-required\" aria-required=\"true\" aria-invalid=\"false\" name=\"bike-option\"><option value=\"Llevo mi propia moto\">Llevo mi propia moto<\/option><option value=\"Necesito alquilar moto\">Necesito alquilar moto<\/option><\/select><\/span>\n\t\t<\/p>\n\t\t<p>\u00bfEs para ti solo o viajas con alguien m\u00e1s?\n\t\t<\/p>\n\t\t<p><span class=\"wpcf7-form-control-wrap\" data-name=\"travel-party\"><select class=\"wpcf7-form-control wpcf7-select wpcf7-validates-as-required\" aria-required=\"true\" aria-invalid=\"false\" name=\"travel-party\"><option value=\"Solo yo\">Solo yo<\/option><option value=\"Viajo con acompa\u00f1ante\/amigo\">Viajo con acompa\u00f1ante\/amigo<\/option><\/select><\/span>\n\t\t<\/p>\n\t<\/div>\n\t<div class=\"form-row\">\n\t\t<p>\u00bfCu\u00e1ntas personas sois en total? *\n\t\t<\/p>\n\t\t<p><span class=\"wpcf7-form-control-wrap\" data-name=\"total-people\"><input class=\"wpcf7-form-control wpcf7-number wpcf7-validates-as-required wpcf7-validates-as-number\" min=\"1\" max=\"50\" aria-required=\"true\" aria-invalid=\"false\" placeholder=\"1\" value=\"1\" type=\"number\" name=\"total-people\" \/><\/span>\n\t\t<\/p>\n\t\t<p style=\"flex: 1;\">\n\t\t<\/p>\n\t<\/div>\n\t<p>\u00bfQuieres que te a\u00f1adamos al canal de WhatsApp para encontrar compa\u00f1ero\/as de viaje?\n\t<\/p>\n\t<p><span class=\"wpcf7-form-control-wrap\" data-name=\"whatsapp-opt\"><span class=\"wpcf7-form-control wpcf7-radio\"><span class=\"wpcf7-list-item first\"><input type=\"radio\" name=\"whatsapp-opt\" value=\"S\u00ed, me interesa\" checked=\"checked\" \/><span class=\"wpcf7-list-item-label\">S\u00ed, me interesa<\/span><\/span><span class=\"wpcf7-list-item last\"><input type=\"radio\" name=\"whatsapp-opt\" value=\"No, gracias\" \/><span class=\"wpcf7-list-item-label\">No, gracias<\/span><\/span><\/span><\/span>\n\t<\/p>\n\t<p>Mensaje adicional o dudas (opcional)\n\t<\/p>\n\t<p><span class=\"wpcf7-form-control-wrap\" data-name=\"your-message\"><textarea cols=\"40\" rows=\"10\" maxlength=\"2000\" class=\"wpcf7-form-control wpcf7-textarea\" aria-invalid=\"false\" placeholder=\"Cu\u00e9ntanos cualquier detalle adicional para ajustar el presupuesto...\" name=\"your-message\"><\/textarea><\/span>\n\t<\/p>\n\t<p><input class=\"wpcf7-form-control wpcf7-submit has-spinner\" type=\"submit\" value=\"Solicitar presupuesto\" \/>\n\t<\/p>\n<\/div><div class=\"wpcf7-response-output\" aria-hidden=\"true\"><\/div>\n<input type=\"hidden\" name=\"trp-form-language\" value=\"en\"\/><\/form>\n<\/div>\n\t\t\t\t<\/div>\n\t\t\t\t<\/div>\n\t\t\t\t<div class=\"elementor-element elementor-element-44630d5 elementor-widget elementor-widget-heading\" data-id=\"44630d5\" data-element_type=\"widget\" data-widget_type=\"heading.default\">\n\t\t\t\t\t<h4 class=\"elementor-heading-title elementor-size-default\">Book your free video call with us below.<\/h4>\t\t\t\t<\/div>\n\t\t\t\t<div class=\"elementor-element elementor-element-0aea889 elementor-widget elementor-widget-html\" data-id=\"0aea889\" data-element_type=\"widget\" data-widget_type=\"html.default\">\n\t\t\t\t\t<!-- Calendly inline widget begin -->\r\n<div class=\"calendly-inline-widget\" data-url=\"https:\/\/calendly.com\/zambranojorge2000?hide_landing_page_details=1\" style=\"min-width:320px;height:700px;\"><\/div>\r\n<script type=\"text\/javascript\" src=\"https:\/\/assets.calendly.com\/assets\/external\/widget.js\" async><\/script>\r\n<!-- Calendly inline widget end -->\t\t\t\t<\/div>\n\t\t\t\t<\/div>\n\t\t<div class=\"elementor-element elementor-element-f5a927f e-con-full e-flex elementor-invisible e-con e-child\" data-id=\"f5a927f\" data-element_type=\"container\" data-settings=\"{&quot;animation&quot;:&quot;fadeInUp&quot;,&quot;animation_delay&quot;:300}\">\n\t\t\t\t<div class=\"elementor-element elementor-element-6608572 elementor-widget elementor-widget-heading\" data-id=\"6608572\" data-element_type=\"widget\" data-widget_type=\"heading.default\">\n\t\t\t\t\t<h5 class=\"elementor-heading-title elementor-size-default\">Or contact us directly here.<\/h5>\t\t\t\t<\/div>\n\t\t\t\t<div class=\"elementor-element elementor-element-08a4a9c elementor-widget elementor-widget-heading\" data-id=\"08a4a9c\" data-element_type=\"widget\" data-widget_type=\"heading.default\">\n\t\t\t\t\t<div class=\"elementor-heading-title elementor-size-default\">Phone\/WhatsApp<\/div>\t\t\t\t<\/div>\n\t\t\t\t<div class=\"elementor-element elementor-element-7e9a560 elementor-widget elementor-widget-heading\" data-id=\"7e9a560\" data-element_type=\"widget\" data-widget_type=\"heading.default\">\n\t\t\t\t\t<h6 class=\"elementor-heading-title elementor-size-default\"><a href=\"tel:+34%20633778783\">+34 633778783<\/a><\/h6>\t\t\t\t<\/div>\n\t\t\t\t<div class=\"elementor-element elementor-element-7691fb4 elementor-widget elementor-widget-heading\" data-id=\"7691fb4\" data-element_type=\"widget\" data-widget_type=\"heading.default\">\n\t\t\t\t\t<div class=\"elementor-heading-title elementor-size-default\">Email<\/div>\t\t\t\t<\/div>\n\t\t\t\t<div class=\"elementor-element elementor-element-08d6213 elementor-widget elementor-widget-heading\" data-id=\"08d6213\" data-element_type=\"widget\" data-widget_type=\"heading.default\">\n\t\t\t\t\t<h6 class=\"elementor-heading-title elementor-size-default\"><a href=\"mailto:info@routelliers.com\">info@routelliers.com<\/a><\/h6>\t\t\t\t<\/div>\n\t\t\t\t<div class=\"elementor-element elementor-element-8343cf2 elementor-widget elementor-widget-image\" data-id=\"8343cf2\" data-element_type=\"widget\" data-widget_type=\"image.default\">\n\t\t\t\t\t\t\t\t\t\t\t\t\t\t\t<img fetchpriority=\"high\" decoding=\"async\" width=\"980\" height=\"654\" src=\"https:\/\/routelliers.com\/wp-content\/uploads\/2025\/10\/pexels-tony-zohari-3296024-34031260-1024x683.jpg\" class=\"attachment-large size-large wp-image-5614\" alt=\"\" srcset=\"https:\/\/routelliers.com\/wp-content\/uploads\/2025\/10\/pexels-tony-zohari-3296024-34031260-1024x683.jpg 1024w, https:\/\/routelliers.com\/wp-content\/uploads\/2025\/10\/pexels-tony-zohari-3296024-34031260-300x200.jpg 300w, https:\/\/routelliers.com\/wp-content\/uploads\/2025\/10\/pexels-tony-zohari-3296024-34031260-768x512.jpg 768w, https:\/\/routelliers.com\/wp-content\/uploads\/2025\/10\/pexels-tony-zohari-3296024-34031260-1536x1024.jpg 1536w, https:\/\/routelliers.com\/wp-content\/uploads\/2025\/10\/pexels-tony-zohari-3296024-34031260-2048x1365.jpg 2048w\" sizes=\"(max-width: 980px) 100vw, 980px\" \/>\t\t\t\t\t\t\t\t\t\t\t\t\t\t\t<\/div>\n\t\t\t\t<\/div>\n\t\t\t\t<\/div>\n\t\t\t\t\t<\/div>\n\t\t\t\t<\/div>\n\t\t\t\t<\/div>","protected":false},"excerpt":{"rendered":"<p>Cu\u00e9ntanos cu\u00e1ndo, d\u00f3nde y c\u00f3mo quieres viajar, nos pondremos en contacto contigo para resolver tus dudas, te proporcionaremos asesoramiento personalizado y te facilitaremos el presupuesto de tu selecci\u00f3n. Todo ello de forma gratuita. Nombre Email Asunto N\u00famero de contacto \u00bfQu\u00e9 necesitas? Tambien puedes agendar una videoconsulta gratis aqu\u00ed abajo. O cont\u00e1ctanos aqu\u00ed directamente. Tel\u00e9fono\/Whatsapp +34 [&hellip;]<\/p>","protected":false},"author":1,"featured_media":0,"parent":0,"menu_order":0,"comment_status":"closed","ping_status":"closed","template":"template-homepage.php","meta":{"_acf_changed":false,"footnotes":""},"class_list":["post-112","page","type-page","status-publish","hentry"],"acf":[],"yoast_head":"<!-- This site is optimized with the Yoast SEO plugin v26.6 - https:\/\/yoast.com\/wordpress\/plugins\/seo\/ -->\n<title>Contacto - Routelliers<\/title>\n<meta name=\"description\" content=\"\u00bfTienes dudas sobre nuestros viajes en moto? Contacta con nosotros para recibir atenci\u00f3n personalizada gratuita. Estamos aqu\u00ed para ayudarte.\" \/>\n<meta name=\"robots\" content=\"index, follow, max-snippet:-1, max-image-preview:large, max-video-preview:-1\" \/>\n<link rel=\"canonical\" href=\"https:\/\/routelliers.com\/en\/contacto\/\" \/>\n<meta property=\"og:locale\" content=\"en_GB\" \/>\n<meta property=\"og:type\" content=\"article\" \/>\n<meta property=\"og:title\" content=\"Contacto - Routelliers\" \/>\n<meta property=\"og:description\" content=\"\u00bfTienes dudas sobre nuestros viajes en moto? Contacta con nosotros para recibir atenci\u00f3n personalizada gratuita. Estamos aqu\u00ed para ayudarte.\" \/>\n<meta property=\"og:url\" content=\"https:\/\/routelliers.com\/en\/contacto\/\" \/>\n<meta property=\"og:site_name\" content=\"Routelliers\" \/>\n<meta property=\"article:modified_time\" content=\"2026-02-04T16:27:07+00:00\" \/>\n<meta property=\"og:image\" content=\"https:\/\/routelliers.com\/wp-content\/uploads\/2025\/10\/pexels-tony-zohari-3296024-34031260-1024x683.jpg\" \/>\n<meta name=\"twitter:card\" content=\"summary_large_image\" \/>\n<meta name=\"twitter:label1\" content=\"Estimated reading time\" \/>\n\t<meta name=\"twitter:data1\" content=\"1 minute\" \/>\n<script type=\"application\/ld+json\" class=\"yoast-schema-graph\">{\"@context\":\"https:\/\/schema.org\",\"@graph\":[{\"@type\":\"WebPage\",\"@id\":\"https:\/\/routelliers.com\/contacto\/\",\"url\":\"https:\/\/routelliers.com\/contacto\/\",\"name\":\"Contacto - Routelliers\",\"isPartOf\":{\"@id\":\"https:\/\/routelliers.com\/#website\"},\"primaryImageOfPage\":{\"@id\":\"https:\/\/routelliers.com\/contacto\/#primaryimage\"},\"image\":{\"@id\":\"https:\/\/routelliers.com\/contacto\/#primaryimage\"},\"thumbnailUrl\":\"https:\/\/routelliers.com\/wp-content\/uploads\/2025\/10\/pexels-tony-zohari-3296024-34031260-1024x683.jpg\",\"datePublished\":\"2024-06-21T10:05:49+00:00\",\"dateModified\":\"2026-02-04T16:27:07+00:00\",\"description\":\"\u00bfTienes dudas sobre nuestros viajes en moto? Contacta con nosotros para recibir atenci\u00f3n personalizada gratuita. Estamos aqu\u00ed para ayudarte.\",\"breadcrumb\":{\"@id\":\"https:\/\/routelliers.com\/contacto\/#breadcrumb\"},\"inLanguage\":\"en-GB\",\"potentialAction\":[{\"@type\":\"ReadAction\",\"target\":[\"https:\/\/routelliers.com\/contacto\/\"]}]},{\"@type\":\"ImageObject\",\"inLanguage\":\"en-GB\",\"@id\":\"https:\/\/routelliers.com\/contacto\/#primaryimage\",\"url\":\"https:\/\/routelliers.com\/wp-content\/uploads\/2025\/10\/pexels-tony-zohari-3296024-34031260-1024x683.jpg\",\"contentUrl\":\"https:\/\/routelliers.com\/wp-content\/uploads\/2025\/10\/pexels-tony-zohari-3296024-34031260-1024x683.jpg\"},{\"@type\":\"BreadcrumbList\",\"@id\":\"https:\/\/routelliers.com\/contacto\/#breadcrumb\",\"itemListElement\":[{\"@type\":\"ListItem\",\"position\":1,\"name\":\"Portada\",\"item\":\"https:\/\/routelliers.com\/\"},{\"@type\":\"ListItem\",\"position\":2,\"name\":\"Contacto\"}]},{\"@type\":\"WebSite\",\"@id\":\"https:\/\/routelliers.com\/#website\",\"url\":\"https:\/\/routelliers.com\/\",\"name\":\"Routelliers\",\"description\":\"Descubre el mundo con nuestros viajes en moto de alta gama. Rutas exclusivas, paisajes \u00e9picos y todo organizado \u00a1Arranca tu aventura aqu\u00ed!\",\"publisher\":{\"@id\":\"https:\/\/routelliers.com\/#organization\"},\"potentialAction\":[{\"@type\":\"SearchAction\",\"target\":{\"@type\":\"EntryPoint\",\"urlTemplate\":\"https:\/\/routelliers.com\/?s={search_term_string}\"},\"query-input\":{\"@type\":\"PropertyValueSpecification\",\"valueRequired\":true,\"valueName\":\"search_term_string\"}}],\"inLanguage\":\"en-GB\"},{\"@type\":\"Organization\",\"@id\":\"https:\/\/routelliers.com\/#organization\",\"name\":\"Routelliers\",\"url\":\"https:\/\/routelliers.com\/\",\"logo\":{\"@type\":\"ImageObject\",\"inLanguage\":\"en-GB\",\"@id\":\"https:\/\/routelliers.com\/#\/schema\/logo\/image\/\",\"url\":\"https:\/\/routelliers.com\/wp-content\/uploads\/2025\/10\/cropped-Logo-routeliers.png\",\"contentUrl\":\"https:\/\/routelliers.com\/wp-content\/uploads\/2025\/10\/cropped-Logo-routeliers.png\",\"width\":1752,\"height\":419,\"caption\":\"Routelliers\"},\"image\":{\"@id\":\"https:\/\/routelliers.com\/#\/schema\/logo\/image\/\"}}]}<\/script>\n<!-- \/ Yoast SEO plugin. -->","yoast_head_json":{"title":"Contacto - Routelliers","description":"\u00bfTienes dudas sobre nuestros viajes en moto? Contacta con nosotros para recibir atenci\u00f3n personalizada gratuita. Estamos aqu\u00ed para ayudarte.","robots":{"index":"index","follow":"follow","max-snippet":"max-snippet:-1","max-image-preview":"max-image-preview:large","max-video-preview":"max-video-preview:-1"},"canonical":"https:\/\/routelliers.com\/en\/contacto\/","og_locale":"en_GB","og_type":"article","og_title":"Contacto - Routelliers","og_description":"\u00bfTienes dudas sobre nuestros viajes en moto? Contacta con nosotros para recibir atenci\u00f3n personalizada gratuita. Estamos aqu\u00ed para ayudarte.","og_url":"https:\/\/routelliers.com\/en\/contacto\/","og_site_name":"Routelliers","article_modified_time":"2026-02-04T16:27:07+00:00","og_image":[{"url":"https:\/\/routelliers.com\/wp-content\/uploads\/2025\/10\/pexels-tony-zohari-3296024-34031260-1024x683.jpg","type":"","width":"","height":""}],"twitter_card":"summary_large_image","twitter_misc":{"Estimated reading time":"1 minute"},"schema":{"@context":"https:\/\/schema.org","@graph":[{"@type":"WebPage","@id":"https:\/\/routelliers.com\/contacto\/","url":"https:\/\/routelliers.com\/contacto\/","name":"Contacto - Routelliers","isPartOf":{"@id":"https:\/\/routelliers.com\/#website"},"primaryImageOfPage":{"@id":"https:\/\/routelliers.com\/contacto\/#primaryimage"},"image":{"@id":"https:\/\/routelliers.com\/contacto\/#primaryimage"},"thumbnailUrl":"https:\/\/routelliers.com\/wp-content\/uploads\/2025\/10\/pexels-tony-zohari-3296024-34031260-1024x683.jpg","datePublished":"2024-06-21T10:05:49+00:00","dateModified":"2026-02-04T16:27:07+00:00","description":"\u00bfTienes dudas sobre nuestros viajes en moto? Contacta con nosotros para recibir atenci\u00f3n personalizada gratuita. Estamos aqu\u00ed para ayudarte.","breadcrumb":{"@id":"https:\/\/routelliers.com\/contacto\/#breadcrumb"},"inLanguage":"en-GB","potentialAction":[{"@type":"ReadAction","target":["https:\/\/routelliers.com\/contacto\/"]}]},{"@type":"ImageObject","inLanguage":"en-GB","@id":"https:\/\/routelliers.com\/contacto\/#primaryimage","url":"https:\/\/routelliers.com\/wp-content\/uploads\/2025\/10\/pexels-tony-zohari-3296024-34031260-1024x683.jpg","contentUrl":"https:\/\/routelliers.com\/wp-content\/uploads\/2025\/10\/pexels-tony-zohari-3296024-34031260-1024x683.jpg"},{"@type":"BreadcrumbList","@id":"https:\/\/routelliers.com\/contacto\/#breadcrumb","itemListElement":[{"@type":"ListItem","position":1,"name":"Portada","item":"https:\/\/routelliers.com\/"},{"@type":"ListItem","position":2,"name":"Contacto"}]},{"@type":"WebSite","@id":"https:\/\/routelliers.com\/#website","url":"https:\/\/routelliers.com\/","name":"Routelliers","description":"Descubre el mundo con nuestros viajes en moto de alta gama. Rutas exclusivas, paisajes \u00e9picos y todo organizado \u00a1Arranca tu aventura aqu\u00ed!","publisher":{"@id":"https:\/\/routelliers.com\/#organization"},"potentialAction":[{"@type":"SearchAction","target":{"@type":"EntryPoint","urlTemplate":"https:\/\/routelliers.com\/?s={search_term_string}"},"query-input":{"@type":"PropertyValueSpecification","valueRequired":true,"valueName":"search_term_string"}}],"inLanguage":"en-GB"},{"@type":"Organization","@id":"https:\/\/routelliers.com\/#organization","name":"Routelliers","url":"https:\/\/routelliers.com\/","logo":{"@type":"ImageObject","inLanguage":"en-GB","@id":"https:\/\/routelliers.com\/#\/schema\/logo\/image\/","url":"https:\/\/routelliers.com\/wp-content\/uploads\/2025\/10\/cropped-Logo-routeliers.png","contentUrl":"https:\/\/routelliers.com\/wp-content\/uploads\/2025\/10\/cropped-Logo-routeliers.png","width":1752,"height":419,"caption":"Routelliers"},"image":{"@id":"https:\/\/routelliers.com\/#\/schema\/logo\/image\/"}}]}},"_links":{"self":[{"href":"https:\/\/routelliers.com\/en\/wp-json\/wp\/v2\/pages\/112","targetHints":{"allow":["GET"]}}],"collection":[{"href":"https:\/\/routelliers.com\/en\/wp-json\/wp\/v2\/pages"}],"about":[{"href":"https:\/\/routelliers.com\/en\/wp-json\/wp\/v2\/types\/page"}],"author":[{"embeddable":true,"href":"https:\/\/routelliers.com\/en\/wp-json\/wp\/v2\/users\/1"}],"replies":[{"embeddable":true,"href":"https:\/\/routelliers.com\/en\/wp-json\/wp\/v2\/comments?post=112"}],"version-history":[{"count":26,"href":"https:\/\/routelliers.com\/en\/wp-json\/wp\/v2\/pages\/112\/revisions"}],"predecessor-version":[{"id":6222,"href":"https:\/\/routelliers.com\/en\/wp-json\/wp\/v2\/pages\/112\/revisions\/6222"}],"wp:attachment":[{"href":"https:\/\/routelliers.com\/en\/wp-json\/wp\/v2\/media?parent=112"}],"curies":[{"name":"wp","href":"https:\/\/api.w.org\/{rel}","templated":true}]}}